{"id":1353,"date":"2025-04-17T09:40:43","date_gmt":"2025-04-17T08:40:43","guid":{"rendered":"https:\/\/desafioamarelo.abaae.pt\/biodiversidade\/?page_id=1353"},"modified":"2025-05-10T22:15:28","modified_gmt":"2025-05-10T21:15:28","slug":"posteres","status":"publish","type":"page","link":"https:\/\/desafioamarelo.abaae.pt\/biodiversidade\/posteres\/","title":{"rendered":"P\u00f3steres"},"content":{"rendered":"<p>[et_pb_section fb_built=&#8221;1&#8243; fullwidth=&#8221;on&#8221; _builder_version=&#8221;4.27.4&#8243; global_module=&#8221;413&#8243; global_colors_info=&#8221;{}&#8221;][et_pb_fullwidth_header title=&#8221;Cuidar dos Animais, Cuidar do Ambiente&#8221; background_overlay_color=&#8221;#ffe111&#8243; admin_label=&#8221;Fullwidth Header&#8221; _builder_version=&#8221;4.27.4&#8243; background_color=&#8221;#ffdf18&#8243; background_layout=&#8221;light&#8221; button_one_letter_spacing_hover=&#8221;0&#8243; button_two_letter_spacing_hover=&#8221;0&#8243; global_colors_info=&#8221;{}&#8221; button_one_text_size__hover_enabled=&#8221;off&#8221; button_two_text_size__hover_enabled=&#8221;off&#8221; button_one_text_color__hover_enabled=&#8221;off&#8221; button_two_text_color__hover_enabled=&#8221;off&#8221; button_one_border_width__hover_enabled=&#8221;off&#8221; button_two_border_width__hover_enabled=&#8221;off&#8221; button_one_border_color__hover_enabled=&#8221;off&#8221; button_two_border_color__hover_enabled=&#8221;off&#8221; button_one_border_radius__hover_enabled=&#8221;off&#8221; button_two_border_radius__hover_enabled=&#8221;off&#8221; button_one_letter_spacing__hover_enabled=&#8221;on&#8221; button_one_letter_spacing__hover=&#8221;0&#8243; button_two_letter_spacing__hover_enabled=&#8221;on&#8221; button_two_letter_spacing__hover=&#8221;0&#8243; button_one_bg_color__hover_enabled=&#8221;off&#8221; button_two_bg_color__hover_enabled=&#8221;off&#8221;]<\/p>\n<p>Desafio Tetrapak | Compal 2025<br \/><img class=\"a35-image-header wp-image-926 size-full alignnone\" alt=\"\" width=\"0\" height=\"0\" \/><\/p>\n<p>[\/et_pb_fullwidth_header][\/et_pb_section][et_pb_section fb_built=&#8221;1&#8243; admin_label=&#8221;section&#8221; _builder_version=&#8221;4.16&#8243; global_colors_info=&#8221;{}&#8221;][et_pb_row _builder_version=&#8221;4.16&#8243; background_size=&#8221;initial&#8221; background_position=&#8221;top_left&#8221; background_repeat=&#8221;repeat&#8221; locked=&#8221;off&#8221; global_colors_info=&#8221;{}&#8221;][et_pb_column type=&#8221;4_4&#8243; _builder_version=&#8221;4.16&#8243; custom_padding=&#8221;|||&#8221; global_colors_info=&#8221;{}&#8221; custom_padding__hover=&#8221;|||&#8221;][et_pb_text admin_label=&#8221;T\u00edtulo&#8221; _builder_version=&#8221;4.27.4&#8243; background_size=&#8221;initial&#8221; background_position=&#8221;top_left&#8221; background_repeat=&#8221;repeat&#8221; use_border_color=&#8221;off&#8221; global_colors_info=&#8221;{}&#8221;]<\/p>\n<h1><img loading=\"lazy\" decoding=\"async\" class=\"a35-title-icon alignleft\" src=\"\" alt=\"\" width=\"0\" height=\"0\" style=\"display:none;\"><strong>P\u00f3steres<\/strong><\/h1>\n<p>[\/et_pb_text][\/et_pb_column][\/et_pb_row][et_pb_row column_structure=&#8221;1_3,1_3,1_3&#8243; _builder_version=&#8221;4.16&#8243; global_colors_info=&#8221;{}&#8221;][et_pb_column type=&#8221;1_3&#8243; _builder_version=&#8221;4.16&#8243; custom_padding=&#8221;|||&#8221; global_colors_info=&#8221;{}&#8221; custom_padding__hover=&#8221;|||&#8221;][et_pb_image src=&#8221;https:\/\/desafioamarelo.abaae.pt\/biodiversidade\/wp-content\/uploads\/sites\/2\/2025\/05\/Biodiversidade3.jpg&#8221; alt=&#8221;Ver o P\u00f3ster&#8221; title_text=&#8221;P\u00f3ster Biodiversidade 3&#8243; url=&#8221;https:\/\/desafioamarelo.abaae.pt\/wp-content\/uploads\/sites\/2\/2025\/05\/Biodiversidade3.pdf&#8221; url_new_window=&#8221;on&#8221; align=&#8221;center&#8221; _builder_version=&#8221;4.27.4&#8243; _module_preset=&#8221;default&#8221; hover_enabled=&#8221;0&#8243; box_shadow_style=&#8221;preset1&#8243; global_colors_info=&#8221;{}&#8221; sticky_enabled=&#8221;0&#8243;][\/et_pb_image][\/et_pb_column][et_pb_column type=&#8221;1_3&#8243; _builder_version=&#8221;4.16&#8243; custom_padding=&#8221;|||&#8221; global_colors_info=&#8221;{}&#8221; custom_padding__hover=&#8221;|||&#8221;][et_pb_image src=&#8221;https:\/\/desafioamarelo.abaae.pt\/biodiversidade\/wp-content\/uploads\/sites\/2\/2025\/05\/Biodiversidade2.jpg&#8221; alt=&#8221;Cuidar dos Animais, Cuidar do Ambiente&#8221; title_text=&#8221;P\u00f3ster Biodiversidade 2&#8243; url=&#8221;https:\/\/desafioamarelo.abaae.pt\/wp-content\/uploads\/sites\/2\/2025\/05\/Biodiversidade2.pdf&#8221; url_new_window=&#8221;on&#8221; align=&#8221;center&#8221; _builder_version=&#8221;4.27.4&#8243; _module_preset=&#8221;default&#8221; hover_enabled=&#8221;0&#8243; box_shadow_style=&#8221;preset1&#8243; global_colors_info=&#8221;{}&#8221; sticky_enabled=&#8221;0&#8243;][\/et_pb_image][\/et_pb_column][et_pb_column type=&#8221;1_3&#8243; _builder_version=&#8221;4.16&#8243; custom_padding=&#8221;|||&#8221; global_colors_info=&#8221;{}&#8221; custom_padding__hover=&#8221;|||&#8221;][et_pb_image src=&#8221;https:\/\/desafioamarelo.abaae.pt\/biodiversidade\/wp-content\/uploads\/sites\/2\/2025\/05\/Biodiversidade1.jpg&#8221; alt=&#8221;Cuidar dos Animais, Cuidar do Ambiente&#8221; title_text=&#8221;P\u00f3ster Biodiversidade 1&#8243; url=&#8221;https:\/\/desafioamarelo.abaae.pt\/wp-content\/uploads\/sites\/2\/2025\/05\/Biodiversidade1.pdf&#8221; url_new_window=&#8221;on&#8221; align=&#8221;center&#8221; _builder_version=&#8221;4.27.4&#8243; _module_preset=&#8221;default&#8221; hover_enabled=&#8221;0&#8243; box_shadow_style=&#8221;preset1&#8243; global_colors_info=&#8221;{}&#8221; sticky_enabled=&#8221;0&#8243;][\/et_pb_image][\/et_pb_column][\/et_pb_row][\/et_pb_section][et_pb_section fb_built=&#8221;1&#8243; _builder_version=&#8221;4.14.2&#8243; custom_margin=&#8221;||10px||false|false&#8221; custom_padding=&#8221;24px||0px||false|false&#8221; top_divider_style=&#8221;arrow3&#8243; top_divider_color=&#8221;rgba(253,192,24,0.2)&#8221; top_divider_height=&#8221;4px&#8221; top_divider_flip=&#8221;vertical&#8221; global_module=&#8221;1057&#8243; global_colors_info=&#8221;{}&#8221;][et_pb_row column_structure=&#8221;1_2,1_2&#8243; _builder_version=&#8221;4.16&#8243; background_size=&#8221;initial&#8221; background_position=&#8221;top_left&#8221; background_repeat=&#8221;repeat&#8221; locked=&#8221;off&#8221; global_colors_info=&#8221;{}&#8221;][et_pb_column type=&#8221;1_2&#8243; _builder_version=&#8221;4.16&#8243; custom_padding=&#8221;|||&#8221; global_colors_info=&#8221;{}&#8221; custom_padding__hover=&#8221;|||&#8221;][et_pb_text admin_label=&#8221;Iniciativa&#8221; _builder_version=&#8221;4.27.4&#8243; background_size=&#8221;initial&#8221; background_position=&#8221;top_left&#8221; background_repeat=&#8221;repeat&#8221; use_border_color=&#8221;off&#8221; border_color=&#8221;#ffffff&#8221; border_style=&#8221;solid&#8221; global_colors_info=&#8221;{}&#8221;]<\/p>\n<p>INICIATIVA<\/p>\n<p><a href=\"http:\/\/www.tetrapak.com\/pt\" target=\"_blank\" rel=\"noopener noreferrer\"><img loading=\"lazy\" decoding=\"async\" class=\"alignnone wp-image-101\" src=\"https:\/\/desafioamarelo.abaae.pt\/wp-content\/uploads\/sites\/2\/2025\/04\/stamp_rgb_pt_small.png\" alt=\"stamp_rgb_pt_small\" width=\"80\" height=\"80\" \/><\/a>\u00a0<a href=\"https:\/\/compal.pt\/\" target=\"_blank\" rel=\"noopener noreferrer\"><img loading=\"lazy\" decoding=\"async\" class=\"alignnone size-full wp-image-497\" src=\"https:\/\/desafioamarelo.abaae.pt\/wp-content\/uploads\/sites\/2\/2025\/04\/Compal2.png\" alt=\"\" width=\"122\" height=\"90\" \/><\/a><\/p>\n<p>[\/et_pb_text][\/et_pb_column][et_pb_column type=&#8221;1_2&#8243; _builder_version=&#8221;4.16&#8243; custom_padding=&#8221;|||&#8221; global_colors_info=&#8221;{}&#8221; custom_padding__hover=&#8221;|||&#8221;][et_pb_text admin_label=&#8221;Coordena\u00e7\u00e3o&#8221; _builder_version=&#8221;4.27.4&#8243; background_size=&#8221;initial&#8221; background_position=&#8221;top_left&#8221; background_repeat=&#8221;repeat&#8221; use_border_color=&#8221;off&#8221; border_color=&#8221;#ffffff&#8221; border_style=&#8221;solid&#8221; global_colors_info=&#8221;{}&#8221;]<\/p>\n<p>COORDENA\u00c7\u00c3O<\/p>\n<p><a href=\"https:\/\/abaae.pt\/\" target=\"_blank\" rel=\"noopener noreferrer\"><img loading=\"lazy\" decoding=\"async\" class=\"alignnone wp-image-101\" src=\"https:\/\/desafioamarelo.abaae.pt\/wp-content\/uploads\/sites\/2\/2025\/04\/ABAAE_Logotipo_cores_transparente_no_space.png\" alt=\"Associa\u00e7\u00e3o Bandeira Azul de Ambiente e Educa\u00e7\u00e3o\" width=\"218\" height=\"90\" \/><\/a>\u00a0<a href=\"https:\/\/ecoescolas.abaae.pt\/\" target=\"_blank\" rel=\"noopener noreferrer\"><img loading=\"lazy\" decoding=\"async\" class=\"alignnone wp-image-497\" src=\"https:\/\/desafioamarelo.abaae.pt\/wp-content\/uploads\/sites\/2\/2025\/04\/es_logo_high_res.png\" alt=\"Programa Eco-Escolas\" width=\"97\" height=\"96\" \/><\/a><\/p>\n<p>[\/et_pb_text][\/et_pb_column][\/et_pb_row][\/et_pb_section]<\/p>\n","protected":false},"excerpt":{"rendered":"<p>Desafio Tetrapak | Compal 2025P\u00f3steresINICIATIVA \u00a0COORDENA\u00c7\u00c3O \u00a0<\/p>\n","protected":false},"author":1,"featured_media":0,"parent":0,"menu_order":0,"comment_status":"closed","ping_status":"closed","template":"","meta":{"_et_pb_use_builder":"on","_et_pb_old_content":"","_et_gb_content_width":"","footnotes":""},"class_list":["post-1353","page","type-page","status-publish","hentry"],"_links":{"self":[{"href":"https:\/\/desafioamarelo.abaae.pt\/biodiversidade\/wp-json\/wp\/v2\/pages\/1353","targetHints":{"allow":["GET"]}}],"collection":[{"href":"https:\/\/desafioamarelo.abaae.pt\/biodiversidade\/wp-json\/wp\/v2\/pages"}],"about":[{"href":"https:\/\/desafioamarelo.abaae.pt\/biodiversidade\/wp-json\/wp\/v2\/types\/page"}],"author":[{"embeddable":true,"href":"https:\/\/desafioamarelo.abaae.pt\/biodiversidade\/wp-json\/wp\/v2\/users\/1"}],"replies":[{"embeddable":true,"href":"https:\/\/desafioamarelo.abaae.pt\/biodiversidade\/wp-json\/wp\/v2\/comments?post=1353"}],"version-history":[{"count":8,"href":"https:\/\/desafioamarelo.abaae.pt\/biodiversidade\/wp-json\/wp\/v2\/pages\/1353\/revisions"}],"predecessor-version":[{"id":1475,"href":"https:\/\/desafioamarelo.abaae.pt\/biodiversidade\/wp-json\/wp\/v2\/pages\/1353\/revisions\/1475"}],"wp:attachment":[{"href":"https:\/\/desafioamarelo.abaae.pt\/biodiversidade\/wp-json\/wp\/v2\/media?parent=1353"}],"curies":[{"name":"wp","href":"https:\/\/api.w.org\/{rel}","templated":true}]}}